{"id":71,"date":"2017-10-10T11:26:22","date_gmt":"2017-10-10T11:26:22","guid":{"rendered":"http:\/\/okus.apps-1and1.net\/?page_id=71"},"modified":"2024-06-28T12:51:15","modified_gmt":"2024-06-28T12:51:15","slug":"impressum","status":"publish","type":"page","link":"https:\/\/okus-brombach.de\/en\/impressum","title":{"rendered":"Impressum und AGB"},"content":{"rendered":"<div class=\"fusion-fullwidth fullwidth-box fusion-builder-row-1 fusion-flex-container nonhundred-percent-fullwidth non-hundred-percent-height-scrolling\" style=\"--awb-border-radius-top-left:0px;--awb-border-radius-top-right:0px;--awb-border-radius-bottom-right:0px;--awb-border-radius-bottom-left:0px;--awb-flex-wrap:wrap;\" ><div class=\"fusion-builder-row fusion-row fusion-flex-align-items-flex-start fusion-flex-content-wrap\" style=\"max-width:1320.8px;margin-left: calc(-4% \/ 2 );margin-right: calc(-4% \/ 2 );\"><div class=\"fusion-layout-column fusion_builder_column fusion-builder-column-0 fusion_builder_column_1_1 1_1 fusion-flex-column\" style=\"--awb-bg-size:cover;--awb-width-large:100%;--awb-margin-top-large:0px;--awb-spacing-right-large:1.92%;--awb-margin-bottom-large:0px;--awb-spacing-left-large:1.92%;--awb-width-medium:100%;--awb-spacing-right-medium:1.92%;--awb-spacing-left-medium:1.92%;--awb-width-small:100%;--awb-spacing-right-small:1.92%;--awb-spacing-left-small:1.92%;\"><div class=\"fusion-column-wrapper fusion-flex-justify-content-flex-start fusion-content-layout-column\"><div class=\"fusion-text fusion-text-1\"><h6 style=\"--fontSize: 12; line-height: 1.72; --minFontSize: 12;\" data-fontsize=\"12\" data-lineheight=\"20.639999px\" class=\"fusion-responsive-typography-calculated\">IMPRESSUM<\/h6>\n<h3 style=\"--fontSize: 28; line-height: 1.32;\" data-fontsize=\"28\" data-lineheight=\"36.959999px\" class=\"fusion-responsive-typography-calculated\">Angaben gem\u00e4\u00df \u00a75 TMG<\/h3>\n<p>Zenita Weirich<br \/>OKUS Brombach<br \/>Schopfheimerstrasse 2<br \/>79541 L\u00f6rrach<br \/>Telefon: 07621\/1605586<br \/>E-Mail: info@okus-brombach.de<\/p>\n<p>UsST ID: DE 313335690<\/p>\n<p><b>F\u00fcr externe Links und den Inhalt der Kataloge der Hersteller wird keine Haftung \u00fcbernommen.<br \/><\/b><\/p>\n<h3 style=\"--fontSize: 28; line-height: 1.32;\" data-fontsize=\"28\" data-lineheight=\"36.959999px\" class=\"fusion-responsive-typography-calculated\"> <\/h3>\n<h3 style=\"--fontSize: 28; line-height: 1.32;\" data-fontsize=\"28\" data-lineheight=\"36.959999px\" class=\"fusion-responsive-typography-calculated\"><strong>Datenschutzerkl\u00e4rung<\/strong><\/h3>\n<p>Die Betreiber dieser Seiten nehmen den Schutz Ihrer pers\u00f6nlichen Daten sehr ernst. Wir behandeln Ihre<br \/>personenbezogenen Daten vertraulich und entsprechend der gesetzlichen Datenschutzvorschriften sowie dieser<br \/>Datenschutzerkl\u00e4rung.<br \/>Die Nutzung unserer Webseite ist in der Regel ohne Angabe personenbezogener Daten m\u00f6glich. Soweit auf<br \/>unseren Seiten personenbezogene Daten (beispielsweise Name, Anschrift oder E-Mail-Adressen) erhoben<br \/>werden, erfolgt dies, soweit m\u00f6glich, stets auf freiwilliger Basis. Diese Daten werden ohne Ihre ausdr\u00fcckliche<br \/>Zustimmung nicht an Dritte weitergegeben.<br \/>Wir weisen darauf hin, dass die Daten\u00fcbertragung im Internet (z.B. bei der Kommunikation per E-Mail)<br \/>Sicherheitsl\u00fccken aufweisen kann. Ein l\u00fcckenloser Schutz der Daten vor dem Zugriff durch Dritte ist nicht<br \/>m\u00f6glich.<\/p>\n<p>Diese Website nutzt aus Sicherheitsgr\u00fcnden und zum Schutz der \u00dcbertragung personenbezogene Daten und anderer vertraulicher Inhalte (z.B. Bestellungen oder Anfragen an den Verantwortlichen) eine SSL-bzw. TLS-Verschl\u00fcsselung. Sie k\u00f6nnen eine verschl\u00fcsselte Verbindung an der Zeichenfolge \u201ehttps:\/\/\u201c und dem Schloss-Symbol in Ihrer Browserzeile erkennen.<\/p>\n<p>Quelle: https:\/\/www.e-recht24.de<\/p>\n<h3 style=\"--fontSize: 28; line-height: 1.32;\" data-fontsize=\"28\" data-lineheight=\"36.959999px\" class=\"fusion-responsive-typography-calculated\"> <\/h3>\n<h3 style=\"--fontSize: 28; line-height: 1.32;\" data-fontsize=\"28\" data-lineheight=\"36.959999px\" class=\"fusion-responsive-typography-calculated\"><strong>Allgemeine Gesch\u00e4ftsbedingungen<\/strong><\/h3>\n<p><strong style=\"color: #40403f;\">Vertragsabschlu\u00df<\/strong><\/p>\n<ol>\n<li style=\"text-align: left;\">Der K\u00e4ufer ist bei nicht vorr\u00e4tiger Ware drei Wochen an die Bestellung (Vertragsangebot) gebunden.<\/li>\n<\/ol>\n<ol style=\"text-align: left;\" start=\"2\">\n<li>Mit Ablauf dieser Frist kommt der Vertrag zustande, wenn der Verk\u00e4ufer das Vertragsangebot nicht vorher schriftlich<\/li>\n<\/ol>\n<p style=\"text-align: left;\">abgelehnt hat.<\/p>\n<ol style=\"text-align: left;\" start=\"3\">\n<li>Abweichend von Ziff. 2. kommt der Vertrag schon vor Ablauf der Dreiwochenfrist zustande, wenn<\/li>\n<\/ol>\n<ul style=\"text-align: left;\">\n<li>der Vertrag beiderseits unterschrieben wird, oder<\/li>\n<li>der Verk\u00e4ufer schriftlich die Annahme der Bestellung (des Vertragsangebots) erkl\u00e4rt oder<\/li>\n<li>der Verk\u00e4ufer Vorauszahlungen auf den Kaufpreis annimmt.<\/li>\n<\/ul>\n<p><strong><br \/><\/strong><\/p>\n<p><strong>Preise<\/strong><\/p>\n<p>Die Preise sind Festpreise einschlie\u00dflich Mehrwertsteuer. Besondere, zus\u00e4tzlich vereinbarte Arbeiten, die nicht im<\/p>\n<p>Kaufpreis enthalten sind, wie z. B. Dekorationsarbeiten, Einrichtungs- Stil, oder Farbberatungen werden zus\u00e4tzlich in Rechnung gestellt und sp\u00e4testens bei \u00dcbergabe bzw. Abnahme zur Zahlung f\u00e4llig.<\/p>\n<\/p>\n<p><strong>\u00c4nderungsvorbehalt<\/strong><\/p>\n<ol>\n<li>Serienm\u00e4\u00dfig hergestellte M\u00f6bel werden nach Muster oder Abbildung verkauft.<\/li>\n<\/ol>\n<ol start=\"2\">\n<li>Es besteht kein Anspruch auf Lieferung der Ausstellungsst\u00fccke, es sei denn, dass bei Vertragsabschlu\u00df eine anderweitige Vereinbarung erfolgt ist.<\/li>\n<\/ol>\n<ol start=\"3\">\n<li>Es k\u00f6nnen an die bestellten Waren qualitativ Anspr\u00fcche nur in einer H\u00f6he gestellt werden, wie sie billigerweise oder handels\u00fcblich bei Waren in der Preislage der bestellten gestellt werden k\u00f6nnen.<\/li>\n<\/ol>\n<ol start=\"4\">\n<li>Handels\u00fcbliche und f\u00fcr den K\u00e4ufer zumutbare Farb- und Maserungsabweichungen bei Holzoberfl\u00e4chen bleiben vorbehalten.<\/li>\n<\/ol>\n<ol start=\"5\">\n<li>Ebenso bleiben handels\u00fcbliche und f\u00fcr den K\u00e4ufer zumutbare Abweichungen bei Leder und Textilien (z. B. M\u00f6bel- und Dekorationsstoffen) vorbehalten hinsichtlich geringf\u00fcgiger Abweichungen in der Ausf\u00fchrung gegen\u00fcber Leder- und Stoffmustern, insbesondere im Farbton.<\/li>\n<li>Auch handels\u00fcbliche und f\u00fcr den K\u00e4ufer zumutbare Abweichungen von Ma\u00dfdaten bleiben vorbehalten.<\/li>\n<\/ol>\n<p><strong><br \/><\/strong><\/p>\n<p><strong>Montage<\/strong><\/p>\n<ol>\n<li>Hat der Verk\u00e4ufer hinsichtlich der Montage aufzuh\u00e4ngender Einrichtungsgegenst\u00e4nde Bedenken wegen der Eignung der W\u00e4nde, so hat er dies dem K\u00e4ufer vor der Montage mitzuteilen.<\/li>\n<\/ol>\n<ol start=\"2\">\n<li>Die Mitarbeiter des Verk\u00e4ufers sind nicht befugt, Arbeiten auszuf\u00fchren, die \u00fcber die vertragsgegenst\u00e4ndlichen Leistungsverpflichtungen des Verk\u00e4ufers hinausgehen. Werden dennoch solche Arbeiten auf Verlangen des K\u00e4ufers von den Mitarbeitern des Verk\u00e4ufers ausgef\u00fchrt, ber\u00fchrt dies nicht das Vertragsverh\u00e4ltnis zwischen Verk\u00e4ufer und K\u00e4ufer.<\/li>\n<\/ol>\n<p><strong><br \/><\/strong><\/p>\n<p><strong>Lieferfrist<\/strong><\/p>\n<ol>\n<li>Falls der Verk\u00e4ufer die vereinbarte Lieferfrist nicht einhalten kann, hat der K\u00e4ufer eine angemessene Nachlieferfrist \u2013 beginnend vom Tage des Eingangs der Inverzugsetzung durch den K\u00e4ufer in Textform, oder im Fall kalenderm\u00e4\u00dfig bestimmter Lieferfrist mit deren Ablauf \u2013 zu gew\u00e4hren. Liefert der Verk\u00e4ufer bis zum Ablauf der gesetzten Nachlieferfrist nicht, kann der K\u00e4ufer vom Vertrag zur\u00fccktreten.<\/li>\n<\/ol>\n<ol start=\"2\">\n<li>Vom Verk\u00e4ufer nicht zu vertretende St\u00f6rungen im Gesch\u00e4ftsbetrieb des Verk\u00e4ufers oder bei dessen Vorlieferanten, insbesondere Arbeitsausst\u00e4nde und rechtm\u00e4\u00dfige Aussperrungen sowie F\u00e4lle h\u00f6herer Gewalt, die auf einem unvorhersehbaren und unverschuldeten Ereignis beruhen, verl\u00e4ngern die Lieferzeit entsprechend. Zum R\u00fccktritt ist der K\u00e4ufer nur berechtigt, wenn er in diesen F\u00e4llen nach Ablauf der vereinbarten Lieferfrist die Lieferung in Textform anmahnt und diese dann nicht innerhalb einerzu setzenden angemessenen Nachfrist nach Eingang des Mahnschreibens des K\u00e4ufers beim Verk\u00e4ufer an den K\u00e4ufer erfolgt. Im Falle kalenderm\u00e4\u00dfig bestimmter Lieferfrist beginnt mit deren Ablauf die zu setzende Nachfrist.<\/li>\n<\/ol>\n<ol start=\"3\">\n<li>Die gesetzlichen Bestimmungen zum Schadenersatz statt der Leistung bleiben unber\u00fchrt.<\/li>\n<\/ol>\n<p><strong><br \/><\/strong><\/p>\n<p><strong>Eigentumsvorbehalt<\/strong><\/p>\n<ol>\n<li>(1) Die Ware bleibt bis zur vollst\u00e4ndigen Erf\u00fcllung aller Verbindlichkeiten aus diesem Vertragsverh\u00e4ltnis Eigentum<\/li>\n<\/ol>\n<p>des Verk\u00e4ufers. (2) Der K\u00e4ufer verpflichtet sich, das Eigentum des Verk\u00e4ufers auch dann entsprechend zu wahren, wenn die gelieferten Waren nicht unmittelbar f\u00fcr den K\u00e4ufer, sondern f\u00fcr Dritte bestimmt sind, und hat den Empf\u00e4nger auf diesen Eigentumsvorbehalt ausdr\u00fccklich hinzuweisen.<\/p>\n<ol start=\"2\">\n<li>Jeder Standortwechsel und Eingriffe Dritter, insbesondere Pf\u00e4ndungen, sind dem Verk\u00e4ufer unverz\u00fcglich in Textform mitzuteilen, bei Pf\u00e4ndungen unter Beif\u00fcgung des Pf\u00e4ndungsprotokolls.<\/li>\n<\/ol>\n<ol start=\"3\">\n<li>Im Fall der Nichteinhaltung der in den Ziffern 1. (2) und 2. festgelegten Verpflichtungen des K\u00e4ufers hat der Verk\u00e4ufer das Recht, vom Vertrag zur\u00fcckzutreten und die Ware heraus zu verlangen.<\/li>\n<\/ol>\n<p><strong><br \/><\/strong><\/p>\n<p><strong>Gefahr\u00fcbergang<\/strong><\/p>\n<p>Die Gefahr, trotz Verlustes oder Besch\u00e4digung den Kaufpreis zahlen zu m\u00fcssen, geht mit der \u00dcbergabe auf den K\u00e4ufer \u00fcber.<\/p>\n<p><strong><br \/><\/strong><\/p>\n<p><strong>Annahmeverzug<\/strong><\/p>\n<ol>\n<li>Wenn der K\u00e4ufer nach Ablauf einer ihm schriftlich zu setzenden angemessenen Nachfrist unter Androhung, nach fruchtlosem Fristablauf vom Vertrag zur\u00fcckzutreten oder Schadensersatz statt der Leistung zu verlangen, stillschweigt oder ohne Rechtsgrund die Zahlung und\/oder die Annahme ausdr\u00fccklich verweigert, bleibt der Anspruch des Verk\u00e4ufers auf Vertragserf\u00fcllung bestehen. Stattdessen kann er vom Vertrag zur\u00fccktreten und\/oder Schadensersatz statt der Leistung nach Ma\u00dfgabe der Ziff 3. verlangen.<\/li>\n<\/ol>\n<ol start=\"2\">\n<li>(1) Soweit der Verzug des K\u00e4ufers l\u00e4nger als einen Monat dauert, hat der K\u00e4ufer anfallende Lagerkosten zu zahlen. (2) Der Verk\u00e4ufer kann sich zur Lagerung auch einer Spedition bedienen.<\/li>\n<\/ol>\n<ol>\n<li>(1) Als Schadensersatz statt der Leistung bei Verzug des K\u00e4ufers gem. Ziff. 1 kann der Verk\u00e4ufer 5 % des Kaufpreises ohne Abz\u00fcge fordern, sofern der K\u00e4ufer nicht nachweist, dass ein Schaden \u00fcberhaupt nicht oder nicht in H\u00f6he der Pauschale entstanden ist. (2) Im Falle besonders hoher Sch\u00e4den, wie z. B. bei Sonderanfertigungen, bleibt dem Verk\u00e4ufer vorbehalten, an Stelle der Schadensersatzpauschale in Abs. (1) einen nachgewiesenen h\u00f6heren Schaden geltend zu machen.<\/li>\n<\/ol>\n<p><strong><br \/><\/strong><\/p>\n<p><strong> R\u00fccktritt<\/strong><\/p>\n<ol>\n<li>Der Verk\u00e4ufer braucht nicht zu liefern, wenn der Hersteller die Produktion der bestellten Ware eingestellt hat oder F\u00e4lle h\u00f6herer Gewalt vorliegen, sofern diese Umst\u00e4nde erst nach Vertragsabschlu\u00df eingetreten sind, zum Zeitpunkt des Vertragsabschlusses nicht vorhersehbar waren und der Verk\u00e4ufer die Nichtbelieferung nicht zu vertreten hat und er ferner nachweist, sich vergeblich um Beschaffung gleichartiger Ware bem\u00fcht zu haben. \u00dcber die genannten Umst\u00e4nde hat der Verk\u00e4ufer den K\u00e4ufer unverz\u00fcglich zu benachrichtigen und ihm die erbrachten Gegenleistungen unverz\u00fcglich zu erstatten.<\/li>\n<\/ol>\n<ol start=\"2\">\n<li>Ein R\u00fccktrittsrecht wird dem Verk\u00e4ufer zugestanden, wenn der K\u00e4ufer \u00fcber die f\u00fcr seine Kreditw\u00fcrdigkeit wesentlichenTatsachen unrichtige Angaben gemacht hat, die den Leistungsanspruch des Verk\u00e4ufers in begr\u00fcndeter Weise zugef\u00e4hrden geeignet sind. Gleiches gilt, wenn der K\u00e4ufer wegen objektiver Zahlungsunf\u00e4higkeit seine Zahlungen einstellt oder \u00fcber sein Verm\u00f6gen ein Insolvenzverfahrenbeantragt wurde. F\u00fcr die Warenr\u00fccknahme gilt. Ziff. X.<\/li>\n<\/ol>\n<p><strong><br \/><\/strong><\/p>\n<p><strong>Warenr\u00fccknahme<\/strong><\/p>\n<ol>\n<li>Im Falle eines R\u00fccktritts und der R\u00fccknahme gelieferter Waren hat der Verk\u00e4ufer Anspruch auf Ausgleich der Aufwendungen, Gebrauchs\u00fcberlassung und Wertminderung wie folgt: F\u00fcr infolge des Vertrages gemachte Aufwendungen wie Transport- und Montagekosten usw. Ersatz in entstandener H\u00f6he<\/li>\n<\/ol>\n<ol start=\"2\">\n<li>F\u00fcr Wertminderung und Gebrauchs\u00fcberlassung der gelieferten Waren gelten, sofern kein Verbraucherkreditgesch\u00e4ft vorliegt, folgende<\/li>\n<\/ol>\n<p>Pauschals\u00e4tze:<\/p>\n<p>F\u00fcr M\u00f6bel, mit Ausnahme von Polsterwaren bei R\u00fccktritt und R\u00fccknahme nach Lieferung:<\/p>\n<ol>\n<li>d. 1. Hj. \u2026 v. H. des Kaufpreises ohne Abz\u00fcge<\/li>\n<li>d. 2. Hj. \u2026 v. H. des Kaufpreises ohne Abz\u00fcge<\/li>\n<li>d. 3. Hj. \u2026 v. H. des Kaufpreises ohne Abz\u00fcge<\/li>\n<li>d. 4. Hj. \u2026 v. H. des Kaufpreises ohne Abz\u00fcge<\/li>\n<li>d. 3. J. \u2026 v. H. des Kaufpreises ohne Abz\u00fcge<\/li>\n<li>d. 4. J. \u2026 v. H. des Kaufpreises ohne Abz\u00fcge<\/li>\n<li>d. 5. J. \u2026 v. H. des Kaufpreises ohne Abz\u00fcge<\/li>\n<li>d. 6. J. \u2026 v. H. des Kaufpreises ohne Abz\u00fcge<\/li>\n<\/ol>\n<p>F\u00fcr Polsterwaren betr\u00e4gt die Wertminderung bei R\u00fccktritt<\/p>\n<p>und R\u00fcckgabe nach Lieferung:<\/p>\n<ol>\n<li>d. 1. Hj. \u2026 v. H. des Kaufpreises ohne Abz\u00fcge<\/li>\n<li>d. 2. Hj. \u2026 v. H. des Kaufpreises ohne Abz\u00fcge<\/li>\n<li>d. 3. Hj. \u2026 v. H. des Kaufpreises ohne Abz\u00fcge<\/li>\n<li>d. 4. Hj. \u2026 v. H. des Kaufpreises ohne Abz\u00fcge<\/li>\n<li>d. 3. J. \u2026 v. H. des Kaufpreises ohne Abz\u00fcge<\/li>\n<\/ol>\n<p>Gegen\u00fcber unseren pauschalen Anspr\u00fcchen bleibt dem K\u00e4ufer der Nachweis offen, dass dem Verk\u00e4ufer keine oder nur eine geringere Einbu\u00dfe entstanden ist.<\/p>\n<ol start=\"3\">\n<li>Die Ziffern 1. und 2. gelten nicht f\u00fcr die R\u00fcckabwicklung des Vertrages infolge wirksamen R\u00fccktritts nach erfolgloser Nacherf\u00fcllung sowie f\u00fcr die F\u00e4lle des Widerrufs und dem damit verbundenen uneingeschr\u00e4nkten R\u00fcckgaberecht des K\u00e4ufers bei Verbrauchervertr\u00e4gen nach den \u00a7\u00a7 355 ff. BGB.<\/li>\n<\/ol>\n<p><strong><br \/><\/strong><\/p>\n<p><strong>Gew\u00e4hrleistung<\/strong><\/p>\n<ol>\n<li>Dem K\u00e4ufer steht zur Behebung eines Mangels zun\u00e4chst das Recht auf Nacherf\u00fcllung zu, wobei er das Wahlrecht zwischen Mangelbeseitigung (Nachbesserung) oder Ersatzlieferung einer mangelfreien Ware hat.<\/li>\n<\/ol>\n<ol start=\"2\">\n<li>Der Verk\u00e4ufer kann die Nachbesserung bzw. Ersatzlieferung verweigern, wenn sie nur mit unverh\u00e4ltnism\u00e4\u00dfigen Kosten m\u00f6glich ist und die andere Art der Nacherf\u00fcllung ohne erhebliche Nachteile f\u00fcr den K\u00e4ufer bleibt.<\/li>\n<\/ol>\n<ol start=\"3\">\n<li>Der K\u00e4ufer kann vom Vertrag zur\u00fccktreten oder die Herabsetzung des Kaufpreises verlangen, wenn die Nacherf\u00fcllung fehlgeschlagen ist oder nicht in angemessener Frist erbracht wurde oder vom Verk\u00e4ufer endg\u00fcltig verweigert wurde.<\/li>\n<\/ol>\n<ol start=\"4\">\n<li>W\u00e4hlt der K\u00e4ufer nach Ziff. 3 den R\u00fccktritt, so hat er die mangelhafte Ware zur\u00fcck zu gew\u00e4hren. Im \u00dcbrigen gelten die Bestimmungen des BGB.<\/li>\n<\/ol>\n<ol start=\"5\">\n<li>Die Gew\u00e4hrleistung erstreckt sich nicht auf solche Sch\u00e4den, die der K\u00e4ufer zu vertreten hat, wie z.B. Sch\u00e4den, die beim K\u00e4ufer durch nat\u00fcrliche Abnutzung, Feuchtigkeit, starke Erw\u00e4rmung der R\u00e4ume, intensive Bestrahlung mit Sonnen oder Kunstlicht, sonstige Temperatur- oder Witterungseinfl\u00fcsse oder unsachgem\u00e4\u00dfe Behandlung entstanden sind.<\/li>\n<\/ol>\n<ol start=\"6\">\n<li>Gew\u00e4hrleistungsanspr\u00fcche verj\u00e4hren entsprechend der jeweiligen gesetzlichen Regelung; die Gew\u00e4hrleistungsfrist beginnt mit der \u00dcbergabe zu laufen.<\/li>\n<\/ol>\n<ol start=\"7\">\n<li>Im \u00dcbrigen bleibt die Haftung f\u00fcr vereinbarte Beschaffenheiten unber\u00fchrt.<\/li>\n<\/ol>\n<p><strong><br \/><\/strong><\/p>\n<p><strong>Verbraucherstreitbeilegung<\/strong><\/p>\n<p>Die Firma OKUS-BROMBACH ist grunds\u00e4tzlich nicht bereit und verpflichtet, an Streitbeilegungsverfahren vor einer Verbraucherschlichtungsstelle teilzunehmen.<\/p>\n<p><strong><br \/><\/strong><\/p>\n<p><strong>Gerichtsstand und Erf\u00fcllungsort<\/strong><\/p>\n<ol>\n<li>F\u00fcr Gerichtsstand und Erf\u00fcllungsort gelten grunds\u00e4tzlich die gesetzlichen Regelungen der Zivilprozessordnung bzw. des B\u00fcrgerlichen Gesetzbuches.<\/li>\n<\/ol>\n<ol start=\"2\">\n<li>Wenn der K\u00e4ufer keinen allgemeinen Gerichtsstand im Inland hat, nach Vertragsabschlu\u00df seinen Wohnsitz oder gew\u00f6hnlichen Aufenthaltsort aus dem Inland verlegt oder sein Wohnsitz oder gew\u00f6hnlicher Aufenthaltsort zum Zeitpunkt der Klageerhebung nicht bekannt ist, ist Erf\u00fcllungsort und Gerichtsstand L\u00f6rrach<\/li>\n<\/ol>\n<\/div><\/div><\/div><\/div><\/div>","protected":false},"excerpt":{"rendered":"","protected":false},"author":3,"featured_media":0,"parent":0,"menu_order":0,"comment_status":"closed","ping_status":"closed","template":"","meta":{"footnotes":""},"class_list":["post-71","page","type-page","status-publish","hentry"],"yoast_head":"<!-- This site is optimized with the Yoast SEO plugin v27.4 - https:\/\/yoast.com\/product\/yoast-seo-wordpress\/ -->\n<title>Impressum und AGB - OKUS Brombach<\/title>\n<meta name=\"robots\" content=\"index, follow, max-snippet:-1, max-image-preview:large, max-video-preview:-1\" \/>\n<link rel=\"canonical\" href=\"https:\/\/okus-brombach.de\/en\/impressum\/\" \/>\n<meta property=\"og:locale\" content=\"en_GB\" \/>\n<meta property=\"og:type\" content=\"article\" \/>\n<meta property=\"og:title\" content=\"Impressum und AGB - OKUS Brombach\" \/>\n<meta property=\"og:url\" content=\"https:\/\/okus-brombach.de\/en\/impressum\/\" \/>\n<meta property=\"og:site_name\" content=\"OKUS Brombach\" \/>\n<meta property=\"article:publisher\" content=\"http:\/\/@okusbrombach\" \/>\n<meta property=\"article:modified_time\" content=\"2024-06-28T12:51:15+00:00\" \/>\n<meta name=\"twitter:card\" content=\"summary_large_image\" \/>\n<meta name=\"twitter:label1\" content=\"Estimated reading time\" \/>\n\t<meta name=\"twitter:data1\" content=\"7 minutes\" \/>\n<script type=\"application\/ld+json\" class=\"yoast-schema-graph\">{\"@context\":\"https:\\\/\\\/schema.org\",\"@graph\":[{\"@type\":\"WebPage\",\"@id\":\"https:\\\/\\\/okus-brombach.de\\\/impressum\",\"url\":\"https:\\\/\\\/okus-brombach.de\\\/impressum\",\"name\":\"Impressum und AGB - OKUS Brombach\",\"isPartOf\":{\"@id\":\"https:\\\/\\\/okus-brombach.de\\\/#website\"},\"datePublished\":\"2017-10-10T11:26:22+00:00\",\"dateModified\":\"2024-06-28T12:51:15+00:00\",\"breadcrumb\":{\"@id\":\"https:\\\/\\\/okus-brombach.de\\\/impressum#breadcrumb\"},\"inLanguage\":\"en-GB\",\"potentialAction\":[{\"@type\":\"ReadAction\",\"target\":[\"https:\\\/\\\/okus-brombach.de\\\/impressum\"]}]},{\"@type\":\"BreadcrumbList\",\"@id\":\"https:\\\/\\\/okus-brombach.de\\\/impressum#breadcrumb\",\"itemListElement\":[{\"@type\":\"ListItem\",\"position\":1,\"name\":\"Startseite\",\"item\":\"https:\\\/\\\/okus-brombach.de\\\/\"},{\"@type\":\"ListItem\",\"position\":2,\"name\":\"Impressum und AGB\"}]},{\"@type\":\"WebSite\",\"@id\":\"https:\\\/\\\/okus-brombach.de\\\/#website\",\"url\":\"https:\\\/\\\/okus-brombach.de\\\/\",\"name\":\"www.okus-brombach.de\",\"description\":\"EINRICHTEN DEKORIEREN\",\"publisher\":{\"@id\":\"https:\\\/\\\/okus-brombach.de\\\/#organization\"},\"potentialAction\":[{\"@type\":\"SearchAction\",\"target\":{\"@type\":\"EntryPoint\",\"urlTemplate\":\"https:\\\/\\\/okus-brombach.de\\\/?s={search_term_string}\"},\"query-input\":{\"@type\":\"PropertyValueSpecification\",\"valueRequired\":true,\"valueName\":\"search_term_string\"}}],\"inLanguage\":\"en-GB\"},{\"@type\":\"Organization\",\"@id\":\"https:\\\/\\\/okus-brombach.de\\\/#organization\",\"name\":\"Okus - Brombach\",\"url\":\"https:\\\/\\\/okus-brombach.de\\\/\",\"logo\":{\"@type\":\"ImageObject\",\"inLanguage\":\"en-GB\",\"@id\":\"https:\\\/\\\/okus-brombach.de\\\/#\\\/schema\\\/logo\\\/image\\\/\",\"url\":\"https:\\\/\\\/okus-brombach.de\\\/wp-content\\\/uploads\\\/2017\\\/10\\\/OKUS_Logo.png\",\"contentUrl\":\"https:\\\/\\\/okus-brombach.de\\\/wp-content\\\/uploads\\\/2017\\\/10\\\/OKUS_Logo.png\",\"width\":626,\"height\":626,\"caption\":\"Okus - Brombach\"},\"image\":{\"@id\":\"https:\\\/\\\/okus-brombach.de\\\/#\\\/schema\\\/logo\\\/image\\\/\"},\"sameAs\":[\"http:\\\/\\\/@okusbrombach\"]}]}<\/script>\n<!-- \/ Yoast SEO plugin. -->","yoast_head_json":{"title":"Impressum und AGB - OKUS Brombach","robots":{"index":"index","follow":"follow","max-snippet":"max-snippet:-1","max-image-preview":"max-image-preview:large","max-video-preview":"max-video-preview:-1"},"canonical":"https:\/\/okus-brombach.de\/en\/impressum\/","og_locale":"en_GB","og_type":"article","og_title":"Impressum und AGB - OKUS Brombach","og_url":"https:\/\/okus-brombach.de\/en\/impressum\/","og_site_name":"OKUS Brombach","article_publisher":"http:\/\/@okusbrombach","article_modified_time":"2024-06-28T12:51:15+00:00","twitter_card":"summary_large_image","twitter_misc":{"Estimated reading time":"7 minutes"},"schema":{"@context":"https:\/\/schema.org","@graph":[{"@type":"WebPage","@id":"https:\/\/okus-brombach.de\/impressum","url":"https:\/\/okus-brombach.de\/impressum","name":"Impressum und AGB - OKUS Brombach","isPartOf":{"@id":"https:\/\/okus-brombach.de\/#website"},"datePublished":"2017-10-10T11:26:22+00:00","dateModified":"2024-06-28T12:51:15+00:00","breadcrumb":{"@id":"https:\/\/okus-brombach.de\/impressum#breadcrumb"},"inLanguage":"en-GB","potentialAction":[{"@type":"ReadAction","target":["https:\/\/okus-brombach.de\/impressum"]}]},{"@type":"BreadcrumbList","@id":"https:\/\/okus-brombach.de\/impressum#breadcrumb","itemListElement":[{"@type":"ListItem","position":1,"name":"Startseite","item":"https:\/\/okus-brombach.de\/"},{"@type":"ListItem","position":2,"name":"Impressum und AGB"}]},{"@type":"WebSite","@id":"https:\/\/okus-brombach.de\/#website","url":"https:\/\/okus-brombach.de\/","name":"www.okus-brombach.de","description":"EINRICHTEN DEKORIEREN","publisher":{"@id":"https:\/\/okus-brombach.de\/#organization"},"potentialAction":[{"@type":"SearchAction","target":{"@type":"EntryPoint","urlTemplate":"https:\/\/okus-brombach.de\/?s={search_term_string}"},"query-input":{"@type":"PropertyValueSpecification","valueRequired":true,"valueName":"search_term_string"}}],"inLanguage":"en-GB"},{"@type":"Organization","@id":"https:\/\/okus-brombach.de\/#organization","name":"Okus - Brombach","url":"https:\/\/okus-brombach.de\/","logo":{"@type":"ImageObject","inLanguage":"en-GB","@id":"https:\/\/okus-brombach.de\/#\/schema\/logo\/image\/","url":"https:\/\/okus-brombach.de\/wp-content\/uploads\/2017\/10\/OKUS_Logo.png","contentUrl":"https:\/\/okus-brombach.de\/wp-content\/uploads\/2017\/10\/OKUS_Logo.png","width":626,"height":626,"caption":"Okus - Brombach"},"image":{"@id":"https:\/\/okus-brombach.de\/#\/schema\/logo\/image\/"},"sameAs":["http:\/\/@okusbrombach"]}]}},"_links":{"self":[{"href":"https:\/\/okus-brombach.de\/en\/wp-json\/wp\/v2\/pages\/71","targetHints":{"allow":["GET"]}}],"collection":[{"href":"https:\/\/okus-brombach.de\/en\/wp-json\/wp\/v2\/pages"}],"about":[{"href":"https:\/\/okus-brombach.de\/en\/wp-json\/wp\/v2\/types\/page"}],"author":[{"embeddable":true,"href":"https:\/\/okus-brombach.de\/en\/wp-json\/wp\/v2\/users\/3"}],"replies":[{"embeddable":true,"href":"https:\/\/okus-brombach.de\/en\/wp-json\/wp\/v2\/comments?post=71"}],"version-history":[{"count":12,"href":"https:\/\/okus-brombach.de\/en\/wp-json\/wp\/v2\/pages\/71\/revisions"}],"predecessor-version":[{"id":3420,"href":"https:\/\/okus-brombach.de\/en\/wp-json\/wp\/v2\/pages\/71\/revisions\/3420"}],"wp:attachment":[{"href":"https:\/\/okus-brombach.de\/en\/wp-json\/wp\/v2\/media?parent=71"}],"curies":[{"name":"wp","href":"https:\/\/api.w.org\/{rel}","templated":true}]}}